{"id":7190,"date":"2025-08-06T15:41:58","date_gmt":"2025-08-06T15:41:58","guid":{"rendered":"https:\/\/www.nordevent.de\/?page_id=7190"},"modified":"2025-10-29T14:35:59","modified_gmt":"2025-10-29T14:35:59","slug":"elementor-7190","status":"publish","type":"page","link":"https:\/\/www.nordevent.de\/de\/nebenjobs\/","title":{"rendered":"Nebenjobs in Hamburg im Eventbereich"},"content":{"rendered":"\t\t<div data-elementor-type=\"wp-page\" data-elementor-id=\"7190\" class=\"elementor elementor-7190\" data-elementor-post-type=\"page\">\n\t\t\t\t<div class=\"elementor-element elementor-element-0f8897c e-flex e-con-boxed e-con e-parent\" data-id=\"0f8897c\" data-element_type=\"container\" data-e-type=\"container\" data-settings=\"{&quot;background_background&quot;:&quot;classic&quot;}\">\n\t\t\t\t\t<div class=\"e-con-inner\">\n\t\t\t\t\t<\/div>\n\t\t\t\t<\/div>\n\t\t<div class=\"elementor-element elementor-element-8799fda e-flex e-con-boxed e-con e-parent\" data-id=\"8799fda\" data-element_type=\"container\" data-e-type=\"container\">\n\t\t\t\t\t<div class=\"e-con-inner\">\n\t\t\t\t<div class=\"elementor-element elementor-element-42fdc35 elementor-widget elementor-widget-heading\" data-id=\"42fdc35\" data-element_type=\"widget\" data-e-type=\"widget\" data-widget_type=\"heading.default\">\n\t\t\t\t<div class=\"elementor-widget-container\">\n\t\t\t\t\t<h1 class=\"elementor-heading-title elementor-size-default\">Event-Nebenjobs in Hamburg<\/h1>\t\t\t\t<\/div>\n\t\t\t\t<\/div>\n\t\t\t\t<div class=\"elementor-element elementor-element-2c47ac8 elementor-widget elementor-widget-heading\" data-id=\"2c47ac8\" data-element_type=\"widget\" data-e-type=\"widget\" data-widget_type=\"heading.default\">\n\t\t\t\t<div class=\"elementor-widget-container\">\n\t\t\t\t\t<h2 class=\"elementor-heading-title elementor-size-default\">Wir suchen dich f\u00fcr die sch\u00f6nsten Locations Hamburgs!<\/h2>\t\t\t\t<\/div>\n\t\t\t\t<\/div>\n\t\t\t\t<div class=\"elementor-element elementor-element-068f96b elementor-widget elementor-widget-spacer\" data-id=\"068f96b\" data-element_type=\"widget\" data-e-type=\"widget\" data-widget_type=\"spacer.default\">\n\t\t\t\t<div class=\"elementor-widget-container\">\n\t\t\t\t\t\t\t<div class=\"elementor-spacer\">\n\t\t\t<div class=\"elementor-spacer-inner\"><\/div>\n\t\t<\/div>\n\t\t\t\t\t\t<\/div>\n\t\t\t\t<\/div>\n\t\t\t\t\t<\/div>\n\t\t\t\t<\/div>\n\t\t<div class=\"elementor-element elementor-element-b3b215a e-flex e-con-boxed e-con e-parent\" data-id=\"b3b215a\" data-element_type=\"container\" data-e-type=\"container\">\n\t\t\t\t\t<div class=\"e-con-inner\">\n\t\t\t\t<div class=\"elementor-element elementor-element-dcfaef2 elementor-widget elementor-widget-spacer\" data-id=\"dcfaef2\" data-element_type=\"widget\" data-e-type=\"widget\" data-widget_type=\"spacer.default\">\n\t\t\t\t<div class=\"elementor-widget-container\">\n\t\t\t\t\t\t\t<div class=\"elementor-spacer\">\n\t\t\t<div class=\"elementor-spacer-inner\"><\/div>\n\t\t<\/div>\n\t\t\t\t\t\t<\/div>\n\t\t\t\t<\/div>\n\t\t\t\t<div class=\"elementor-element elementor-element-a6e0a59 elementor-widget elementor-widget-text-editor\" data-id=\"a6e0a59\" data-element_type=\"widget\" data-e-type=\"widget\" data-widget_type=\"text-editor.default\">\n\t\t\t\t<div class=\"elementor-widget-container\">\n\t\t\t\t\t\t\t\t\t<p>Werde Teil unseres Gastro-Teams und arbeite im Service bei uns auf exklusiven Veranstaltungen an den sch\u00f6nsten Ecken Hamburgs: Ob in 100 Metern H\u00f6he \u00fcber den D\u00e4chern der Stadt, in der historischen Speicherstadt oder auf unseren Windjammern auf dem Wasser &#8211; mit NORD EVENT kannst du Langeweile k\u00fcnftig aus deinem Arbeitsalltag streichen!<\/p><p>Ob Neueinsteiger, Quereinsteiger oder mit Erfahrung &#8211; wir suchen DICH f\u00fcr unser Team und bieten dir einen gerechten Stundenlohn, Schulungen, flexible Arbeitszeiten und aufregende Events. Zeig in der K\u00fcche, an der Bar, im Getr\u00e4nke- oder Men\u00fcservice oder als Eventhelfer:in bei Vor- und Nachbereitungen der Veranstaltungen, was du im Gastrobereich drauf hast und mach unsere G\u00e4ste gl\u00fccklich!<\/p><p><strong>Wie es l\u00e4uft? Bei uns ganz sch\u00f6n unkompliziert: Schicke uns einfach eine Mail mit deinem Lebenslauf an <span style=\"text-decoration: underline;\"><a href=\"mailto:jobs@nordevent.de\" data-cke-saved-href=\"mailto:jobs@nordevent.de\">jobs@nordevent.de<\/a>!<\/span><\/strong><\/p>\t\t\t\t\t\t\t\t<\/div>\n\t\t\t\t<\/div>\n\t\t\t\t<div class=\"elementor-element elementor-element-270bd32 elementor-widget elementor-widget-spacer\" data-id=\"270bd32\" data-element_type=\"widget\" data-e-type=\"widget\" data-widget_type=\"spacer.default\">\n\t\t\t\t<div class=\"elementor-widget-container\">\n\t\t\t\t\t\t\t<div class=\"elementor-spacer\">\n\t\t\t<div class=\"elementor-spacer-inner\"><\/div>\n\t\t<\/div>\n\t\t\t\t\t\t<\/div>\n\t\t\t\t<\/div>\n\t\t\t\t<div class=\"elementor-element elementor-element-392f29f elementor-widget elementor-widget-heading\" data-id=\"392f29f\" data-element_type=\"widget\" data-e-type=\"widget\" data-widget_type=\"heading.default\">\n\t\t\t\t<div class=\"elementor-widget-container\">\n\t\t\t\t\t<h1 class=\"elementor-heading-title elementor-size-default\">Deine Benefits<\/h1>\t\t\t\t<\/div>\n\t\t\t\t<\/div>\n\t\t\t\t<div class=\"elementor-element elementor-element-8b3d746 elementor-widget elementor-widget-spacer\" data-id=\"8b3d746\" data-element_type=\"widget\" data-e-type=\"widget\" data-widget_type=\"spacer.default\">\n\t\t\t\t<div class=\"elementor-widget-container\">\n\t\t\t\t\t\t\t<div class=\"elementor-spacer\">\n\t\t\t<div class=\"elementor-spacer-inner\"><\/div>\n\t\t<\/div>\n\t\t\t\t\t\t<\/div>\n\t\t\t\t<\/div>\n\t\t\t\t\t<\/div>\n\t\t\t\t<\/div>\n\t\t<div class=\"elementor-element elementor-element-2ed19d0 e-flex e-con-boxed e-con e-parent\" data-id=\"2ed19d0\" data-element_type=\"container\" data-e-type=\"container\">\n\t\t\t\t\t<div class=\"e-con-inner\">\n\t\t<div class=\"elementor-element elementor-element-c0b9382 e-con-full e-flex e-con e-child\" data-id=\"c0b9382\" data-element_type=\"container\" data-e-type=\"container\">\n\t\t<div class=\"elementor-element elementor-element-c6440d9 e-con-full e-flex e-con e-child\" data-id=\"c6440d9\" data-element_type=\"container\" data-e-type=\"container\">\n\t\t\t\t<div class=\"elementor-element elementor-element-2b460fc elementor-widget elementor-widget-image\" data-id=\"2b460fc\" data-element_type=\"widget\" data-e-type=\"widget\" data-widget_type=\"image.default\">\n\t\t\t\t<div class=\"elementor-widget-container\">\n\t\t\t\t\t\t\t\t\t\t\t\t\t\t\t<img loading=\"lazy\" decoding=\"async\" width=\"768\" height=\"364\" src=\"https:\/\/www.nordevent.de\/wp-content\/uploads\/2025\/08\/Nebenjobs_Hamburg_Stundenlohn\u00a9iStock-1222563487-768x364.jpg\" class=\"attachment-medium_large size-medium_large wp-image-7204\" alt=\"Nebenjobs in Hamburg im Eventbereich - Arbeiten bei NORD EVENT - Stundenlohn\" srcset=\"https:\/\/www.nordevent.de\/wp-content\/uploads\/2025\/08\/Nebenjobs_Hamburg_Stundenlohn\u00a9iStock-1222563487-768x364.jpg 768w, https:\/\/www.nordevent.de\/wp-content\/uploads\/2025\/08\/Nebenjobs_Hamburg_Stundenlohn\u00a9iStock-1222563487-300x142.jpg 300w, https:\/\/www.nordevent.de\/wp-content\/uploads\/2025\/08\/Nebenjobs_Hamburg_Stundenlohn\u00a9iStock-1222563487-1024x485.jpg 1024w, https:\/\/www.nordevent.de\/wp-content\/uploads\/2025\/08\/Nebenjobs_Hamburg_Stundenlohn\u00a9iStock-1222563487-1536x728.jpg 1536w, https:\/\/www.nordevent.de\/wp-content\/uploads\/2025\/08\/Nebenjobs_Hamburg_Stundenlohn\u00a9iStock-1222563487-18x9.jpg 18w, https:\/\/www.nordevent.de\/wp-content\/uploads\/2025\/08\/Nebenjobs_Hamburg_Stundenlohn\u00a9iStock-1222563487.jpg 1900w\" sizes=\"auto, (max-width: 768px) 100vw, 768px\" \/>\t\t\t\t\t\t\t\t\t\t\t\t\t\t\t<\/div>\n\t\t\t\t<\/div>\n\t\t<div class=\"elementor-element elementor-element-61dfe1e e-con-full e-flex e-con e-child\" data-id=\"61dfe1e\" data-element_type=\"container\" data-e-type=\"container\">\n\t\t\t\t<div class=\"elementor-element elementor-element-6845964 elementor-widget elementor-widget-heading\" data-id=\"6845964\" data-element_type=\"widget\" data-e-type=\"widget\" data-widget_type=\"heading.default\">\n\t\t\t\t<div class=\"elementor-widget-container\">\n\t\t\t\t\t<h3 class=\"elementor-heading-title elementor-size-default\">Stundenlohn<\/h3>\t\t\t\t<\/div>\n\t\t\t\t<\/div>\n\t\t\t\t<\/div>\n\t\t<div class=\"elementor-element elementor-element-e0ae114 e-con-full e-flex e-con e-child\" data-id=\"e0ae114\" data-element_type=\"container\" data-e-type=\"container\">\n\t\t\t\t<div class=\"elementor-element elementor-element-37a0b0e elementor-widget elementor-widget-text-editor\" data-id=\"37a0b0e\" data-element_type=\"widget\" data-e-type=\"widget\" data-widget_type=\"text-editor.default\">\n\t\t\t\t<div class=\"elementor-widget-container\">\n\t\t\t\t\t\t\t\t\t<p>Bei uns erh\u00e4ltst du einen Stundenlohn ab mindestens 15 \u20ac als Neueinsteiger und erfahrene Servicekraft.<\/p>\t\t\t\t\t\t\t\t<\/div>\n\t\t\t\t<\/div>\n\t\t\t\t<\/div>\n\t\t\t\t<\/div>\n\t\t\t\t<\/div>\n\t\t<div class=\"elementor-element elementor-element-184fea1 e-con-full e-flex e-con e-child\" data-id=\"184fea1\" data-element_type=\"container\" data-e-type=\"container\">\n\t\t<div class=\"elementor-element elementor-element-8d46ae7 e-con-full e-flex e-con e-child\" data-id=\"8d46ae7\" data-element_type=\"container\" data-e-type=\"container\">\n\t\t<div class=\"elementor-element elementor-element-209085c e-con-full e-flex e-con e-child\" data-id=\"209085c\" data-element_type=\"container\" data-e-type=\"container\">\n\t\t\t\t<div class=\"elementor-element elementor-element-85ff237 elementor-widget elementor-widget-image\" data-id=\"85ff237\" data-element_type=\"widget\" data-e-type=\"widget\" data-widget_type=\"image.default\">\n\t\t\t\t<div class=\"elementor-widget-container\">\n\t\t\t\t\t\t\t\t\t\t\t\t\t\t\t<img loading=\"lazy\" decoding=\"async\" width=\"768\" height=\"364\" src=\"https:\/\/www.nordevent.de\/wp-content\/uploads\/2025\/08\/Nebenjobs_Hamburg_Schulungen\u00a9NORD-EVENT-768x364.jpg\" class=\"attachment-medium_large size-medium_large wp-image-7207\" alt=\"Nebenjobs in Hamburg im Eventbereich - Arbeiten bei NORD EVENT - Schulungen\" srcset=\"https:\/\/www.nordevent.de\/wp-content\/uploads\/2025\/08\/Nebenjobs_Hamburg_Schulungen\u00a9NORD-EVENT-768x364.jpg 768w, https:\/\/www.nordevent.de\/wp-content\/uploads\/2025\/08\/Nebenjobs_Hamburg_Schulungen\u00a9NORD-EVENT-300x142.jpg 300w, https:\/\/www.nordevent.de\/wp-content\/uploads\/2025\/08\/Nebenjobs_Hamburg_Schulungen\u00a9NORD-EVENT-1024x485.jpg 1024w, https:\/\/www.nordevent.de\/wp-content\/uploads\/2025\/08\/Nebenjobs_Hamburg_Schulungen\u00a9NORD-EVENT-1536x728.jpg 1536w, https:\/\/www.nordevent.de\/wp-content\/uploads\/2025\/08\/Nebenjobs_Hamburg_Schulungen\u00a9NORD-EVENT-18x9.jpg 18w, https:\/\/www.nordevent.de\/wp-content\/uploads\/2025\/08\/Nebenjobs_Hamburg_Schulungen\u00a9NORD-EVENT.jpg 1900w\" sizes=\"auto, (max-width: 768px) 100vw, 768px\" \/>\t\t\t\t\t\t\t\t\t\t\t\t\t\t\t<\/div>\n\t\t\t\t<\/div>\n\t\t\t\t<\/div>\n\t\t\t\t<div class=\"elementor-element elementor-element-a28320c elementor-widget elementor-widget-heading\" data-id=\"a28320c\" data-element_type=\"widget\" data-e-type=\"widget\" data-widget_type=\"heading.default\">\n\t\t\t\t<div class=\"elementor-widget-container\">\n\t\t\t\t\t<h3 class=\"elementor-heading-title elementor-size-default\">Schulungen<\/h3>\t\t\t\t<\/div>\n\t\t\t\t<\/div>\n\t\t\t\t<div class=\"elementor-element elementor-element-44265c9 elementor-widget elementor-widget-text-editor\" data-id=\"44265c9\" data-element_type=\"widget\" data-e-type=\"widget\" data-widget_type=\"text-editor.default\">\n\t\t\t\t<div class=\"elementor-widget-container\">\n\t\t\t\t\t\t\t\t\t<p>Noch neu im Gastrogewerbe? Kein Problem &#8211; bei uns erh\u00e4ltst du laufend umfassende Schulungen, die dich perfekt auf deine Eins\u00e4tze vorbereiten!<\/p>\t\t\t\t\t\t\t\t<\/div>\n\t\t\t\t<\/div>\n\t\t\t\t<\/div>\n\t\t\t\t<\/div>\n\t\t\t\t\t<\/div>\n\t\t\t\t<\/div>\n\t\t<div class=\"elementor-element elementor-element-d553f47 e-flex e-con-boxed e-con e-parent\" data-id=\"d553f47\" data-element_type=\"container\" data-e-type=\"container\">\n\t\t\t\t\t<div class=\"e-con-inner\">\n\t\t<div class=\"elementor-element elementor-element-ab71e5d e-con-full e-flex e-con e-child\" data-id=\"ab71e5d\" data-element_type=\"container\" data-e-type=\"container\">\n\t\t<div class=\"elementor-element elementor-element-7b68aac e-con-full e-flex e-con e-child\" data-id=\"7b68aac\" data-element_type=\"container\" data-e-type=\"container\">\n\t\t\t\t<div class=\"elementor-element elementor-element-db02c8d elementor-widget elementor-widget-image\" data-id=\"db02c8d\" data-element_type=\"widget\" data-e-type=\"widget\" data-widget_type=\"image.default\">\n\t\t\t\t<div class=\"elementor-widget-container\">\n\t\t\t\t\t\t\t\t\t\t\t\t\t\t\t<img loading=\"lazy\" decoding=\"async\" width=\"768\" height=\"364\" src=\"https:\/\/www.nordevent.de\/wp-content\/uploads\/2025\/08\/Nebenjobs_Hamburg_Anstellungsmoeglichkeiten\u00a9iStock_000029088324XLarge-768x364.jpg\" class=\"attachment-medium_large size-medium_large wp-image-7205\" alt=\"Nebenjobs in Hamburg im Eventbereich - Arbeiten bei NORD EVENT - Anstellungsmoeglichkeiten\" srcset=\"https:\/\/www.nordevent.de\/wp-content\/uploads\/2025\/08\/Nebenjobs_Hamburg_Anstellungsmoeglichkeiten\u00a9iStock_000029088324XLarge-768x364.jpg 768w, https:\/\/www.nordevent.de\/wp-content\/uploads\/2025\/08\/Nebenjobs_Hamburg_Anstellungsmoeglichkeiten\u00a9iStock_000029088324XLarge-300x142.jpg 300w, https:\/\/www.nordevent.de\/wp-content\/uploads\/2025\/08\/Nebenjobs_Hamburg_Anstellungsmoeglichkeiten\u00a9iStock_000029088324XLarge-1024x485.jpg 1024w, https:\/\/www.nordevent.de\/wp-content\/uploads\/2025\/08\/Nebenjobs_Hamburg_Anstellungsmoeglichkeiten\u00a9iStock_000029088324XLarge-1536x728.jpg 1536w, https:\/\/www.nordevent.de\/wp-content\/uploads\/2025\/08\/Nebenjobs_Hamburg_Anstellungsmoeglichkeiten\u00a9iStock_000029088324XLarge-18x9.jpg 18w, https:\/\/www.nordevent.de\/wp-content\/uploads\/2025\/08\/Nebenjobs_Hamburg_Anstellungsmoeglichkeiten\u00a9iStock_000029088324XLarge.jpg 1900w\" sizes=\"auto, (max-width: 768px) 100vw, 768px\" \/>\t\t\t\t\t\t\t\t\t\t\t\t\t\t\t<\/div>\n\t\t\t\t<\/div>\n\t\t<div class=\"elementor-element elementor-element-4012643 e-con-full e-flex e-con e-child\" data-id=\"4012643\" data-element_type=\"container\" data-e-type=\"container\">\n\t\t\t\t<div class=\"elementor-element elementor-element-79c956a elementor-widget elementor-widget-heading\" data-id=\"79c956a\" data-element_type=\"widget\" data-e-type=\"widget\" data-widget_type=\"heading.default\">\n\t\t\t\t<div class=\"elementor-widget-container\">\n\t\t\t\t\t<h3 class=\"elementor-heading-title elementor-size-default\">Vielf\u00e4ltige Anstellungsm\u00f6glichkeiten<\/h3>\t\t\t\t<\/div>\n\t\t\t\t<\/div>\n\t\t\t\t<\/div>\n\t\t<div class=\"elementor-element elementor-element-14ea3c3 e-con-full e-flex e-con e-child\" data-id=\"14ea3c3\" data-element_type=\"container\" data-e-type=\"container\">\n\t\t\t\t<div class=\"elementor-element elementor-element-ca99388 elementor-widget elementor-widget-text-editor\" data-id=\"ca99388\" data-element_type=\"widget\" data-e-type=\"widget\" data-widget_type=\"text-editor.default\">\n\t\t\t\t<div class=\"elementor-widget-container\">\n\t\t\t\t\t\t\t\t\t<p>Wir bieten dir eine Auswahl an Anstellungsm\u00f6glichkeiten, um deinen Nebenjob bei uns auszu\u00fcben! Ob als Minijob, studentische Aushilfe, f\u00fcr eine kurzfristige Anstellung oder auf Rechnung.<\/p>\t\t\t\t\t\t\t\t<\/div>\n\t\t\t\t<\/div>\n\t\t\t\t<\/div>\n\t\t\t\t<\/div>\n\t\t\t\t<\/div>\n\t\t<div class=\"elementor-element elementor-element-bf5025d e-con-full e-flex e-con e-child\" data-id=\"bf5025d\" data-element_type=\"container\" data-e-type=\"container\">\n\t\t<div class=\"elementor-element elementor-element-3122fd5 e-con-full e-flex e-con e-child\" data-id=\"3122fd5\" data-element_type=\"container\" data-e-type=\"container\">\n\t\t\t\t<div class=\"elementor-element elementor-element-635e077 elementor-widget elementor-widget-image\" data-id=\"635e077\" data-element_type=\"widget\" data-e-type=\"widget\" data-widget_type=\"image.default\">\n\t\t\t\t<div class=\"elementor-widget-container\">\n\t\t\t\t\t\t\t\t\t\t\t\t\t\t\t<img loading=\"lazy\" decoding=\"async\" width=\"768\" height=\"364\" src=\"https:\/\/www.nordevent.de\/wp-content\/uploads\/2025\/08\/Nebenjobs_Hamburg_flexible_Arbeitszeiten\u00a9iStock-1313939390-768x364.jpg\" class=\"attachment-medium_large size-medium_large wp-image-7208\" alt=\"\" srcset=\"https:\/\/www.nordevent.de\/wp-content\/uploads\/2025\/08\/Nebenjobs_Hamburg_flexible_Arbeitszeiten\u00a9iStock-1313939390-768x364.jpg 768w, https:\/\/www.nordevent.de\/wp-content\/uploads\/2025\/08\/Nebenjobs_Hamburg_flexible_Arbeitszeiten\u00a9iStock-1313939390-300x142.jpg 300w, https:\/\/www.nordevent.de\/wp-content\/uploads\/2025\/08\/Nebenjobs_Hamburg_flexible_Arbeitszeiten\u00a9iStock-1313939390-1024x485.jpg 1024w, https:\/\/www.nordevent.de\/wp-content\/uploads\/2025\/08\/Nebenjobs_Hamburg_flexible_Arbeitszeiten\u00a9iStock-1313939390-1536x728.jpg 1536w, https:\/\/www.nordevent.de\/wp-content\/uploads\/2025\/08\/Nebenjobs_Hamburg_flexible_Arbeitszeiten\u00a9iStock-1313939390-18x9.jpg 18w, https:\/\/www.nordevent.de\/wp-content\/uploads\/2025\/08\/Nebenjobs_Hamburg_flexible_Arbeitszeiten\u00a9iStock-1313939390.jpg 1900w\" sizes=\"auto, (max-width: 768px) 100vw, 768px\" \/>\t\t\t\t\t\t\t\t\t\t\t\t\t\t\t<\/div>\n\t\t\t\t<\/div>\n\t\t\t\t<\/div>\n\t\t<div class=\"elementor-element elementor-element-03423ca e-flex e-con-boxed e-con e-child\" data-id=\"03423ca\" data-element_type=\"container\" data-e-type=\"container\">\n\t\t\t\t\t<div class=\"e-con-inner\">\n\t\t\t\t<div class=\"elementor-element elementor-element-e456213 elementor-widget elementor-widget-heading\" data-id=\"e456213\" data-element_type=\"widget\" data-e-type=\"widget\" data-widget_type=\"heading.default\">\n\t\t\t\t<div class=\"elementor-widget-container\">\n\t\t\t\t\t<h3 class=\"elementor-heading-title elementor-size-default\">Flexible Arbeitszeiten<\/h3>\t\t\t\t<\/div>\n\t\t\t\t<\/div>\n\t\t\t\t\t<\/div>\n\t\t\t\t<\/div>\n\t\t\t\t<div class=\"elementor-element elementor-element-bc46504 elementor-widget elementor-widget-text-editor\" data-id=\"bc46504\" data-element_type=\"widget\" data-e-type=\"widget\" data-widget_type=\"text-editor.default\">\n\t\t\t\t<div class=\"elementor-widget-container\">\n\t\t\t\t\t\t\t\t\t<p>Lieber unter der Woche in der Speicherstadt oder am Wochenende an den Landungsbr\u00fccken? Kein Problem &#8211; bei uns kannst du dir bequem von unterwegs deine Schichten flexibel zu pr\u00e4ferierten Zeiten und in deiner Lieblingslocation aussuchen!<\/p>\t\t\t\t\t\t\t\t<\/div>\n\t\t\t\t<\/div>\n\t\t\t\t<\/div>\n\t\t\t\t\t<\/div>\n\t\t\t\t<\/div>\n\t\t<div class=\"elementor-element elementor-element-2ef0d67 e-flex e-con-boxed e-con e-parent\" data-id=\"2ef0d67\" data-element_type=\"container\" data-e-type=\"container\">\n\t\t\t\t\t<div class=\"e-con-inner\">\n\t\t\t\t<div class=\"elementor-element elementor-element-12a7de2 elementor-widget elementor-widget-spacer\" data-id=\"12a7de2\" data-element_type=\"widget\" data-e-type=\"widget\" data-widget_type=\"spacer.default\">\n\t\t\t\t<div class=\"elementor-widget-container\">\n\t\t\t\t\t\t\t<div class=\"elementor-spacer\">\n\t\t\t<div class=\"elementor-spacer-inner\"><\/div>\n\t\t<\/div>\n\t\t\t\t\t\t<\/div>\n\t\t\t\t<\/div>\n\t\t\t\t<div class=\"elementor-element elementor-element-ead1490 elementor-widget elementor-widget-spacer\" data-id=\"ead1490\" data-element_type=\"widget\" data-e-type=\"widget\" data-widget_type=\"spacer.default\">\n\t\t\t\t<div class=\"elementor-widget-container\">\n\t\t\t\t\t\t\t<div class=\"elementor-spacer\">\n\t\t\t<div class=\"elementor-spacer-inner\"><\/div>\n\t\t<\/div>\n\t\t\t\t\t\t<\/div>\n\t\t\t\t<\/div>\n\t\t\t\t<div class=\"elementor-element elementor-element-faa1360 elementor-widget elementor-widget-heading\" data-id=\"faa1360\" data-element_type=\"widget\" data-e-type=\"widget\" data-widget_type=\"heading.default\">\n\t\t\t\t<div class=\"elementor-widget-container\">\n\t\t\t\t\t<h1 class=\"elementor-heading-title elementor-size-default\">Lernt uns kennen! <\/h1>\t\t\t\t<\/div>\n\t\t\t\t<\/div>\n\t\t\t\t<div class=\"elementor-element elementor-element-17c3f19 elementor-widget elementor-widget-spacer\" data-id=\"17c3f19\" data-element_type=\"widget\" data-e-type=\"widget\" data-widget_type=\"spacer.default\">\n\t\t\t\t<div class=\"elementor-widget-container\">\n\t\t\t\t\t\t\t<div class=\"elementor-spacer\">\n\t\t\t<div class=\"elementor-spacer-inner\"><\/div>\n\t\t<\/div>\n\t\t\t\t\t\t<\/div>\n\t\t\t\t<\/div>\n\t\t\t\t\t<\/div>\n\t\t\t\t<\/div>\n\t\t<div class=\"elementor-element elementor-element-fddd99a e-flex e-con-boxed e-con e-parent\" data-id=\"fddd99a\" data-element_type=\"container\" data-e-type=\"container\">\n\t\t\t\t\t<div class=\"e-con-inner\">\n\t\t\t\t<div class=\"elementor-element elementor-element-07acfce elementor-widget elementor-widget-video\" data-id=\"07acfce\" data-element_type=\"widget\" data-e-type=\"widget\" data-settings=\"{&quot;youtube_url&quot;:&quot;https:\\\/\\\/www.youtube.com\\\/watch?v=Qr7swKGErLg&quot;,&quot;video_type&quot;:&quot;youtube&quot;,&quot;controls&quot;:&quot;yes&quot;}\" data-widget_type=\"video.default\">\n\t\t\t\t<div class=\"elementor-widget-container\">\n\t\t\t\t\t\t\t<div class=\"elementor-wrapper elementor-open-inline\">\n\t\t\t<div class=\"elementor-video\"><\/div>\t\t<\/div>\n\t\t\t\t\t\t<\/div>\n\t\t\t\t<\/div>\n\t\t\t\t\t<\/div>\n\t\t\t\t<\/div>\n\t\t\t\t<\/div>\n\t\t","protected":false},"excerpt":{"rendered":"<p>Event-Nebenjobs in Hamburg Wir suchen dich f\u00fcr die sch\u00f6nsten Locations Hamburgs! Werde Teil unseres Gastro-Teams und arbeite im Service bei [&hellip;]<\/p>\n","protected":false},"author":2,"featured_media":0,"parent":0,"menu_order":0,"comment_status":"closed","ping_status":"closed","template":"","meta":{"_acf_changed":false,"inline_featured_image":false,"site-sidebar-layout":"no-sidebar","site-content-layout":"","ast-site-content-layout":"full-width-container","site-content-style":"default","site-sidebar-style":"default","ast-global-header-display":"","ast-banner-title-visibility":"","ast-main-header-display":"","ast-hfb-above-header-display":"","ast-hfb-below-header-display":"","ast-hfb-mobile-header-display":"","site-post-title":"disabled","ast-breadcrumbs-content":"","ast-featured-img":"disabled","footer-sml-layout":"","ast-disable-related-posts":"","theme-transparent-header-meta":"","adv-header-id-meta":"","stick-header-meta":"","header-above-stick-meta":"","header-main-stick-meta":"","header-below-stick-meta":"","astra-migrate-meta-layouts":"default","ast-page-background-enabled":"default","ast-page-background-meta":{"desktop":{"background-color":"var(--ast-global-color-5)","background-image":"","background-repeat":"repeat","background-position":"center center","background-size":"auto","background-attachment":"scroll","background-type":"","background-media":"","overlay-type":"","overlay-color":"","overlay-opacity":"","overlay-gradient":""},"tablet":{"background-color":"","background-image":"","background-repeat":"repeat","background-position":"center center","background-size":"auto","background-attachment":"scroll","background-type":"","background-media":"","overlay-type":"","overlay-color":"","overlay-opacity":"","overlay-gradient":""},"mobile":{"background-color":"","background-image":"","background-repeat":"repeat","background-position":"center center","background-size":"auto","background-attachment":"scroll","background-type":"","background-media":"","overlay-type":"","overlay-color":"","overlay-opacity":"","overlay-gradient":""}},"ast-content-background-meta":{"desktop":{"background-color":"var(--ast-global-color-4)","background-image":"","background-repeat":"repeat","background-position":"center center","background-size":"auto","background-attachment":"scroll","background-type":"","background-media":"","overlay-type":"","overlay-color":"","overlay-opacity":"","overlay-gradient":""},"tablet":{"background-color":"var(--ast-global-color-4)","background-image":"","background-repeat":"repeat","background-position":"center center","background-size":"auto","background-attachment":"scroll","background-type":"","background-media":"","overlay-type":"","overlay-color":"","overlay-opacity":"","overlay-gradient":""},"mobile":{"background-color":"var(--ast-global-color-4)","background-image":"","background-repeat":"repeat","background-position":"center center","background-size":"auto","background-attachment":"scroll","background-type":"","background-media":"","overlay-type":"","overlay-color":"","overlay-opacity":"","overlay-gradient":""}},"footnotes":""},"class_list":["post-7190","page","type-page","status-publish","hentry"],"acf":[],"aioseo_notices":[],"_links":{"self":[{"href":"https:\/\/www.nordevent.de\/de\/wp-json\/wp\/v2\/pages\/7190","targetHints":{"allow":["GET"]}}],"collection":[{"href":"https:\/\/www.nordevent.de\/de\/wp-json\/wp\/v2\/pages"}],"about":[{"href":"https:\/\/www.nordevent.de\/de\/wp-json\/wp\/v2\/types\/page"}],"author":[{"embeddable":true,"href":"https:\/\/www.nordevent.de\/de\/wp-json\/wp\/v2\/users\/2"}],"replies":[{"embeddable":true,"href":"https:\/\/www.nordevent.de\/de\/wp-json\/wp\/v2\/comments?post=7190"}],"version-history":[{"count":36,"href":"https:\/\/www.nordevent.de\/de\/wp-json\/wp\/v2\/pages\/7190\/revisions"}],"predecessor-version":[{"id":7931,"href":"https:\/\/www.nordevent.de\/de\/wp-json\/wp\/v2\/pages\/7190\/revisions\/7931"}],"wp:attachment":[{"href":"https:\/\/www.nordevent.de\/de\/wp-json\/wp\/v2\/media?parent=7190"}],"curies":[{"name":"wp","href":"https:\/\/api.w.org\/{rel}","templated":true}]}}