{"id":503,"date":"2025-03-05T12:43:52","date_gmt":"2025-03-05T12:43:52","guid":{"rendered":"https:\/\/nordevent.de\/?page_id=503"},"modified":"2025-09-15T11:29:57","modified_gmt":"2025-09-15T11:29:57","slug":"impressum","status":"publish","type":"page","link":"https:\/\/www.nordevent.de\/de\/impressum\/","title":{"rendered":"Impressum"},"content":{"rendered":"\t\t<div data-elementor-type=\"wp-page\" data-elementor-id=\"503\" class=\"elementor elementor-503\" data-elementor-post-type=\"page\">\n\t\t\t\t<div class=\"elementor-element elementor-element-84d5e70 e-flex e-con-boxed e-con e-parent\" data-id=\"84d5e70\" data-element_type=\"container\" data-e-type=\"container\">\n\t\t\t\t\t<div class=\"e-con-inner\">\n\t\t\t\t<div class=\"elementor-element elementor-element-8beb877 elementor-widget elementor-widget-heading\" data-id=\"8beb877\" data-element_type=\"widget\" data-e-type=\"widget\" data-widget_type=\"heading.default\">\n\t\t\t\t<div class=\"elementor-widget-container\">\n\t\t\t\t\t<h1 class=\"elementor-heading-title elementor-size-default\">Impressum<\/h1>\t\t\t\t<\/div>\n\t\t\t\t<\/div>\n\t\t\t\t<div class=\"elementor-element elementor-element-407150a elementor-widget elementor-widget-text-editor\" data-id=\"407150a\" data-element_type=\"widget\" data-e-type=\"widget\" data-widget_type=\"text-editor.default\">\n\t\t\t\t<div class=\"elementor-widget-container\">\n\t\t\t\t\t\t\t\t\t<strong>Angaben gem\u00e4\u00df \u00a7 5 DDG:<\/strong>\n<p class=\"copy\">NORD EVENT GmbH\nSpitalerstra\u00dfe 11\n20095 Hamburg<\/p>\n<p class=\"copy\"><strong>Vertreten durch:<\/strong><\/p>\n<p class=\"copy\">Gesch\u00e4ftsf\u00fchrer Dipl.-Ing. Hans-Christoph Klaiber<\/p>\n<p class=\"copy\"><strong>Kontakt:<\/strong><\/p>\n<p class=\"copy\">Telefon: +49 40 200064-0\nTelefax: +49 40 200064-264\nE-Mail: info@nordevent.de<\/p>\n<p class=\"copy\"><strong>Registereintrag:<\/strong><\/p>\n<p class=\"copy\">Eintragung im Handelsregister\nRegistergericht: Amtsgericht\u00a0Hamburg\nRegisternummer: HRB 155454<\/p>\n<p class=\"copy\"><strong>Umsatzsteuer:<\/strong><\/p>\n<p class=\"copy\">Umsatzsteuer-Identifikationsnummer gem\u00e4\u00df \u00a727 a Umsatzsteuergesetz:\nDE212415283<\/p>\n<p class=\"copy\"><strong>Verantwortlich f\u00fcr den Inhalt nach \u00a7 55 Abs. 2 RStV:<\/strong><\/p>\n<p class=\"copy\">Dipl.-Ing. Hans-Christoph Klaiber\nSpitalerstra\u00dfe 11\n20095 Hamburg<\/p>\n<p class=\"copy\"><strong>Anforderung Rechnungsstellung:<\/strong><\/p>\n<p class=\"copy\">Bitte beachten Sie, dass wir Rechnungen ausschlie\u00dflich in digitaler Form an <a href=\"mailto:rechnung@nordevent.de\">rechnung@nordevent.de <\/a>annehmen und bearbeiten.<\/p>\n<p class=\"copy\"><strong>Streitschlichtung:<\/strong><\/p>\n<p class=\"copy\">Die Europ\u00e4ische Kommission stellt eine Plattform zur Online-Streitbeilegung (OS) bereit: <a href=\"https:\/\/ec.europa.eu\/consumers\/odr\" target=\"_blank\" rel=\"noopener\">https:\/\/ec.europa.eu\/consumers\/odr<\/a>.\nUnsere E-Mail-Adresse finden Sie oben im Impressum.<\/p>\n<p class=\"copy\">Wir sind nicht bereit oder verpflichtet, an Streitbeilegungsverfahren vor einer Verbraucherschlichtungsstelle teilzunehmen.<\/p>\n<p class=\"copy\"><strong>Meldeportal:<\/strong><\/p>\n<a href=\"https:\/\/hck.personiowhistleblowing.com\/\"><u>Hier<\/u><\/a> gelangen Sie zum anonymen Meldeportal f\u00fcr Mitarbeitende.\n<p class=\"copy\"><strong>FOTOS &amp; BILDNACHWEIS:<\/strong><\/p>\n<p class=\"copy\">Guido Kollmeier, Freier Fotodesigner,\u00a0<a href=\"http:\/\/www.blende4.de\/\">www.blende4.de<\/a>\nMartina van Kann, Freie Fotodesignerin,\u00a0<a title=\"Fotodokumentation\" href=\"http:\/\/www.van-kann.de\/\">www.van-kann.de<\/a>\nAndreas Rex, Freier Fotodesigner\nDirk Ewald, Freier Fotodesigner,\u00a0<a href=\"http:\/\/www.pro-pictures-hamburg.de\/\">www.pro-pictures-hamburg.de<\/a>\nELBE&amp;FLUT, Hampel &amp; Hettchen GbR\nHamburg Tourismus GmbH\nBernd Euler &#8211; Fotografie. Text. Konzeption&#8230;\nGemeinschaft \u00a9 12foto.de #9504312 \/ <a href=\"http:\/\/www.fotolia.com\/\">www.fotolia.com<\/a>\nbusiness teamwork &#8211; business men making a puzzle \u00a9 Andres Rodriguez #2386219 \/ <a href=\"http:\/\/www.fotolia.com\/\">www.fotolia.com<\/a>\nTrommeln \u00a9 Anja Liefting #8375258 \/ <a href=\"http:\/\/www.fotolia.com\/\">www.fotolia.com<\/a>\nsaxophonspieler \u00a9 lekcets #4274412 \/ <a href=\"http:\/\/www.fotolia.com\/\">www.fotolia.com<\/a>\ngood things come in small packages \u00a9 Scott Leman #2176110 \/ <a href=\"http:\/\/www.fotolia.com\/\">www.fotolia.com<\/a>\nschreiben \u00a9 matttilda #1523209\u00a0\/ <a href=\"http:\/\/www.fotolia.com\/\">www.fotolia.com<\/a>\nGlobalplayer \u00a9 Sven Hoffmann #10365748 \/ <a href=\"http:\/\/www.fotolia.com\/\">www.fotolia.com<\/a>\nbattle of the sexes \u00a9 godfer #1381540 \/ <a href=\"http:\/\/www.fotolia.com\/\">www.fotolia.com<\/a>\nsand boards on a dune \u00a9 Rob Ahrens #440457 \/ <a href=\"http:\/\/www.fotolia.com\/\">www.fotolia.com<\/a>\nWeihnachtsm\u00fctze \u00a9 creative studio #3862617 \/ <a href=\"http:\/\/www.fotolia.com\/\">www.fotolia.com<\/a>\nstart \u00a9 Carmen Steiner #2403798 \/ <a href=\"http:\/\/www.fotolia.com\/\">www.fotolia.com<\/a>\ndj turntable \u00a9 Dmitri Strakhov #2224839 \/ <a href=\"http:\/\/www.fotolia.com\/\">www.fotolia.com<\/a>\nHochzeitstorte &#8211; anschneiden &#8211; \u00a9 APurmann #10193701 \/ <a href=\"http:\/\/www.fotolia.com\/\">www.fotolia.com<\/a>\nbirthday cake \u00a9 Olga Lyubkina #405090 \/ <a href=\"http:\/\/www.fotolia.com\/\">www.fotolia.com<\/a>\nmolekulargastronomie \u00a9 matthias f\u00e4hrmann #3710360 \/ <a href=\"http:\/\/www.fotolia.com\/\">www.fotolia.com<\/a>\nnudeln \u00a9 Silvia Bogdanski #8476507 \/ <a href=\"http:\/\/www.fotolia.com\/\">www.fotolia.com<\/a>\nEiltransporter \u00a9 otisthewolf #9138056 \/ <a href=\"http:\/\/www.fotolia.com\/\">www.fotolia.com<\/a>\nFace of young charming confident woman with headset \u00a9 pressmaster #5499707 \/ <a href=\"http:\/\/www.fotolia.com\/\">www.fotolia.com<\/a>\nThree people riding bikes \u00a9 Stockbyte\/Stockbyte # 77006194\u00a0\/ <a href=\"http:\/\/www.gettyimages.com\/\">www.gettyimages.com<\/a>\nDragon boat team \u00a9 Daniel Loiselle # 3921403 \/ <a href=\"http:\/\/www.istockphoto.com\/\">www.iStockphoto.com<\/a>\nDragon boat race \u00a9 Daniel Loiselle # 9358603 \/ <a href=\"http:\/\/www.istockphoto.com\/\">www.iStockphoto.com<\/a>\nChristmas market in Hamburg\u00a0\u00a9 Harald Bolten # 4915679 \/\u00a0<a href=\"http:\/\/www.istockphoto.com\/\">www.iStockphoto.com<\/a>\nblack pumps \u00a9 Kramografie #6584343 \/ <a href=\"http:\/\/www.fotolia.com\/\">www.fotolia.com<\/a>\nCatering \u00a9 IQSolution #14805078 \/ <a href=\"http:\/\/www.fotolia.com\/\">www.fotolia.com<\/a>\nAbschlag \u00a9 Ray #8695291 \/ <a href=\"http:\/\/www.fotolia.com\/\">www.fotolia.com<\/a>\nFigure skates and mittens \u00a9 dimch #10788304 \/ <a href=\"http:\/\/www.fotolia.com\/\">www.fotolia.com<\/a>\nChristmas Table \u00a9\u00a0 peterpb\u00a0#3034889 \/ <a href=\"http:\/\/www.istockphoto.com\/\">www.iStockphoto.com<\/a>\nParty ball reflection \u00a9 Dmitriy Melnikov #7986230 \/ <a href=\"http:\/\/www.fotolia.com\/\">www.fotolia.com<\/a>\nTeehaus Yu Garden\u00a0\u00a9 Evgeny Makarov\nGo\u00dfler Haus\u00a0\u00a9 Thies Ibold\nFresh mojito cocktail on wood \u00a9 Jag_cz #64086458\/ <a href=\"http:\/\/www.fotolia.com\/\">www.fotolia.com<\/a>\nGemeinsam beim Stehpaddeln \u00a9 ARochau #63568623\/ <a href=\"http:\/\/www.fotolia.com\/\">www.fotolia.com<\/a>\nTwo smiling young men in wetsuits outdoors \u00a9 IPGGutenberg UKLtd\/ <a href=\"http:\/\/www.istockphoto.com\/\">www.iStockphoto.com<\/a>\nOberhafenkontor \u00a9 OHK &#8211; Oberhafenkontor GmbH\nMare Frisium \u00a9 Michael Ermel \/ <a href=\"http:\/\/www.ermel.com\/\">www.ermel.com<\/a><\/p>\n<p class=\"copy\"><strong>TECHNISCHE BETREUUNG:<\/strong>\ncodafish&gt;&lt;&gt; GmbH\ntogether we dive into digital.<\/p>\n<p class=\"copy\">Am Altenfeldsdeich 56\n25371 Seesterm\u00fche\n<a href=\"https:\/\/codafish.net\/\">codafish.net<\/a><\/p>\n<p class=\"copy\"><strong>REDAKTIONSSYSTEM:<\/strong>\nNORD EVENT GmbH\nSpitalerstra\u00dfe 11\n20095 Hamburg\n<a href=\"http:\/\/www.nordevent.de\/\">www.nordevent.de<\/a><\/p>\n<p class=\"copy\"><strong>HOSTING:<\/strong>\nuvensys GmbH\nRobert-Bosch-Stra\u00dfe 4b\n35440 Linden\n<a href=\"https:\/\/uvensys.de\/\">www.uvensys.de<\/a><\/p>\n<strong>Haftung f\u00fcr Inhalte:<\/strong>\n<p class=\"copy\">Als Diensteanbieter sind wir f\u00fcr eigene Inhalte auf diesen Seiten nach den allgemeinen Gesetzen verantwortlich. Wir sind jedoch als Diensteanbieter nicht verpflichtet, \u00fcbermittelte oder gespeicherte fremde Informationen zu \u00fcberwachen oder nach Umst\u00e4nden zu forschen, die auf eine rechtswidrige T\u00e4tigkeit hinweisen.<\/p>\nVerpflichtungen zur Entfernung oder Sperrung der Nutzung von Informationen nach den allgemeinen Gesetzen bleiben hiervon unber\u00fchrt. Eine diesbez\u00fcgliche Haftung ist jedoch erst ab dem Zeitpunkt der Kenntnis einer konkreten Rechtsverletzung m\u00f6glich. Bei Bekanntwerden von entsprechenden Rechtsverletzungen werden wir diese Inhalte umgehend entfernen.\n\n<strong>Haftung f\u00fcr Links:<\/strong>\n\nUnser Angebot enth\u00e4lt Links zu externen Websites Dritter, auf deren Inhalte wir keinen Einfluss haben. Deshalb k\u00f6nnen wir f\u00fcr diese fremden Inhalte auch keine Gew\u00e4hr \u00fcbernehmen. F\u00fcr die Inhalte der verlinkten Seiten ist stets der jeweilige Anbieter oder Betreiber der Seiten verantwortlich. Die verlinkten Seiten wurden zum Zeitpunkt der Verlinkung auf m\u00f6gliche Rechtsverst\u00f6\u00dfe \u00fcberpr\u00fcft. Rechtswidrige Inhalte waren zum Zeitpunkt der Verlinkung nicht erkennbar.\n\nEine permanente inhaltliche Kontrolle der verlinkten Seiten ist jedoch ohne konkrete Anhaltspunkte einer Rechtsverletzung nicht zumutbar. Bei Bekanntwerden von Rechtsverletzungen werden wir derartige Links umgehend entfernen.\n\n<strong>Urheberrecht:<\/strong>\n<p class=\"copy\">Die durch die Seitenbetreiber erstellten Inhalte und Werke auf diesen Seiten unterliegen dem deutschen Urheberrecht. Die Vervielf\u00e4ltigung, Bearbeitung, Verbreitung und jede Art der Verwertung au\u00dferhalb der Grenzen des Urheberrechtes bed\u00fcrfen der schriftlichen Zustimmung des jeweiligen Autors bzw. Erstellers. Downloads und Kopien dieser Seite sind nur f\u00fcr den privaten, nicht kommerziellen Gebrauch gestattet.<\/p>\n<p class=\"copy\">Soweit die Inhalte auf dieser Seite nicht vom Betreiber erstellt wurden, werden die Urheberrechte Dritter beachtet. Insbesondere werden Inhalte Dritter als solche gekennzeichnet. Sollten Sie trotzdem auf eine Urheberrechtsverletzung aufmerksam werden, bitten wir um einen entsprechenden Hinweis. Bei Bekanntwerden von Rechtsverletzungen werden wir derartige Inhalte umgehend entfernen.<\/p>\t\t\t\t\t\t\t\t<\/div>\n\t\t\t\t<\/div>\n\t\t\t\t\t<\/div>\n\t\t\t\t<\/div>\n\t\t\t\t<\/div>\n\t\t","protected":false},"excerpt":{"rendered":"<p>Impressum Angaben gem\u00e4\u00df \u00a7 5 DDG: NORD EVENT GmbH Spitalerstra\u00dfe 11 20095 Hamburg Vertreten durch: Gesch\u00e4ftsf\u00fchrer Dipl.-Ing. Hans-Christoph Klaiber Kontakt: [&hellip;]<\/p>\n","protected":false},"author":1,"featured_media":0,"parent":0,"menu_order":0,"comment_status":"closed","ping_status":"closed","template":"elementor_header_footer","meta":{"_acf_changed":false,"inline_featured_image":false,"site-sidebar-layout":"no-sidebar","site-content-layout":"","ast-site-content-layout":"full-width-container","site-content-style":"default","site-sidebar-style":"default","ast-global-header-display":"","ast-banner-title-visibility":"","ast-main-header-display":"","ast-hfb-above-header-display":"","ast-hfb-below-header-display":"","ast-hfb-mobile-header-display":"","site-post-title":"disabled","ast-breadcrumbs-content":"","ast-featured-img":"disabled","footer-sml-layout":"","ast-disable-related-posts":"","theme-transparent-header-meta":"","adv-header-id-meta":"","stick-header-meta":"","header-above-stick-meta":"","header-main-stick-meta":"","header-below-stick-meta":"","astra-migrate-meta-layouts":"default","ast-page-background-enabled":"default","ast-page-background-meta":{"desktop":{"background-color":"var(--ast-global-color-5)","background-image":"","background-repeat":"repeat","background-position":"center center","background-size":"auto","background-attachment":"scroll","background-type":"","background-media":"","overlay-type":"","overlay-color":"","overlay-opacity":"","overlay-gradient":""},"tablet":{"background-color":"","background-image":"","background-repeat":"repeat","background-position":"center center","background-size":"auto","background-attachment":"scroll","background-type":"","background-media":"","overlay-type":"","overlay-color":"","overlay-opacity":"","overlay-gradient":""},"mobile":{"background-color":"","background-image":"","background-repeat":"repeat","background-position":"center center","background-size":"auto","background-attachment":"scroll","background-type":"","background-media":"","overlay-type":"","overlay-color":"","overlay-opacity":"","overlay-gradient":""}},"ast-content-background-meta":{"desktop":{"background-color":"var(--ast-global-color-4)","background-image":"","background-repeat":"repeat","background-position":"center center","background-size":"auto","background-attachment":"scroll","background-type":"","background-media":"","overlay-type":"","overlay-color":"","overlay-opacity":"","overlay-gradient":""},"tablet":{"background-color":"var(--ast-global-color-4)","background-image":"","background-repeat":"repeat","background-position":"center center","background-size":"auto","background-attachment":"scroll","background-type":"","background-media":"","overlay-type":"","overlay-color":"","overlay-opacity":"","overlay-gradient":""},"mobile":{"background-color":"var(--ast-global-color-4)","background-image":"","background-repeat":"repeat","background-position":"center center","background-size":"auto","background-attachment":"scroll","background-type":"","background-media":"","overlay-type":"","overlay-color":"","overlay-opacity":"","overlay-gradient":""}},"footnotes":""},"class_list":["post-503","page","type-page","status-publish","hentry"],"acf":[],"aioseo_notices":[],"_links":{"self":[{"href":"https:\/\/www.nordevent.de\/de\/wp-json\/wp\/v2\/pages\/503","targetHints":{"allow":["GET"]}}],"collection":[{"href":"https:\/\/www.nordevent.de\/de\/wp-json\/wp\/v2\/pages"}],"about":[{"href":"https:\/\/www.nordevent.de\/de\/wp-json\/wp\/v2\/types\/page"}],"author":[{"embeddable":true,"href":"https:\/\/www.nordevent.de\/de\/wp-json\/wp\/v2\/users\/1"}],"replies":[{"embeddable":true,"href":"https:\/\/www.nordevent.de\/de\/wp-json\/wp\/v2\/comments?post=503"}],"version-history":[{"count":3,"href":"https:\/\/www.nordevent.de\/de\/wp-json\/wp\/v2\/pages\/503\/revisions"}],"predecessor-version":[{"id":7673,"href":"https:\/\/www.nordevent.de\/de\/wp-json\/wp\/v2\/pages\/503\/revisions\/7673"}],"wp:attachment":[{"href":"https:\/\/www.nordevent.de\/de\/wp-json\/wp\/v2\/media?parent=503"}],"curies":[{"name":"wp","href":"https:\/\/api.w.org\/{rel}","templated":true}]}}